{"id":422,"date":"2018-03-20T08:21:52","date_gmt":"2018-03-20T07:21:52","guid":{"rendered":"http:\/\/aerorecycling.com\/nueva\/?page_id=422"},"modified":"2024-07-05T13:22:29","modified_gmt":"2024-07-05T11:22:29","slug":"calidad-y-medio-ambiente","status":"publish","type":"page","link":"https:\/\/aerorecycling.com\/es\/calidad-y-medio-ambiente\/","title":{"rendered":"CALIDAD Y MEDIO AMBIENTE"},"content":{"rendered":"<div class=\"fusion-fullwidth fullwidth-box fusion-builder-row-1 nonhundred-percent-fullwidth non-hundred-percent-height-scrolling\"  style='background-color: #ffffff;background-position: center bottom;background-repeat: repeat-x;padding-top:20px;padding-right:0px;padding-bottom:0px;padding-left:0px;border-top-width:0px;border-bottom-width:0px;border-color:rgba(97,158,133,0);border-top-style:solid;border-bottom-style:solid;'><div class=\"fusion-builder-row fusion-row \"><div  class=\"fusion-layout-column fusion_builder_column fusion_builder_column_1_1 fusion-builder-column-0 fusion-one-full fusion-column-first fusion-column-last fusion-column-no-min-height 1_1\"  style='margin-top:0px;margin-bottom:0px;'><div class=\"fusion-column-wrapper\" style=\"padding: 0px 0px 0px 0px;background-position:left top;background-repeat:no-repeat;-webkit-background-size:cover;-moz-background-size:cover;-o-background-size:cover;background-size:cover;\"   data-bg-url=\"\"><style type=\"text\/css\">@media only screen and (max-width:800px) {.fusion-title.fusion-title-1{margin-top:10px!important;margin-bottom:10px!important;}}<\/style><div class=\"fusion-title title fusion-title-1 fusion-sep-none fusion-title-center fusion-title-text fusion-title-size-one\" style=\"font-size:24px;margin-top:0px;margin-bottom:60px;\"><h1 class=\"title-heading-center\" style=\"margin:0;font-size:1em;\"><p style=\"text-align: center;\">UNA APUESTA CONTINUA\u00a0<span style=\"color: #8bae34; font-weight: 900;\">POR LA CALIDAD<\/span>\u00a0Y UN COMPROMISO ABSOLUTO CON\u00a0LA <span style=\"color: #8bae34; font-weight: 900;\">GESTI\u00d3N AMBIENTAL\u00a0<\/span> Y LA\u00a0<span style=\"color: #8bae34; font-weight: 900;\">PREVENCI\u00d3N<\/span><\/p><\/h1><\/div><div class=\"fusion-clearfix\"><\/div><\/div><\/div><div  class=\"fusion-layout-column fusion_builder_column fusion_builder_column_3_5 fusion-builder-column-1 fusion-three-fifth fusion-column-first fusion-column-no-min-height 3_5\"  style='margin-top:0px;margin-bottom:50px;width:58.4%; margin-right: 4%;'><div class=\"fusion-column-wrapper\" style=\"padding: 0px 0px 0px 0px;background-position:left top;background-repeat:no-repeat;-webkit-background-size:cover;-moz-background-size:cover;-o-background-size:cover;background-size:cover;\"   data-bg-url=\"\"><style type=\"text\/css\">@media only screen and (max-width:800px) {.fusion-title.fusion-title-2{margin-top:10px!important;margin-bottom:10px!important;}}<\/style><div class=\"fusion-title title fusion-title-2 sep-underline sep-solid fusion-title-text fusion-title-size-two\" style=\"border-bottom-color:#8bae34;margin-top:0px;margin-bottom:0px;\"><h2 class=\"title-heading-left\" style=\"margin:0;\">Calidad<\/h2><\/div><div class=\"fusion-text\"><p style=\"font-size: 18px; text-align: left;\">La calidad es caminar hacia la excelencia<\/p>\n<p>El Sistema de Gesti\u00f3n de la Calidad implantado en <strong>AERORECYCLING INTERNATIONAL<\/strong> nos ayuda\u00a0a responder de manera eficaz a los compromisos adquiridos con los clientes y proveedores, y a mejorar los procesos internos de la Empresa, implicando as\u00ed a todo el personal de la misma. Ofrecer en todo momento y en todo lugar el mejor servicio posible y las mejores soluciones.<\/p>\n<p>La empresa act\u00faa bajo el certificado del Sistema Gesti\u00f3n de la Calidad de acuerdo con el cual<strong>\u00a0AERORECYCLING INTERNATIONAL<\/strong> cumple con los est\u00e1ndares de Calidad conforme a la norma<strong> UNE-EN ISO 9.001:2.015.<\/strong><\/p>\n<\/div><div class=\"fusion-button-wrapper fusion-align-block\"><style type=\"text\/css\">.fusion-button.button-1 .fusion-button-text, .fusion-button.button-1 i {color:#ffffff;}.fusion-button.button-1 .fusion-button-icon-divider{border-color:#ffffff;}.fusion-button.button-1:hover .fusion-button-text, .fusion-button.button-1:hover i,.fusion-button.button-1:focus .fusion-button-text, .fusion-button.button-1:focus i,.fusion-button.button-1:active .fusion-button-text, .fusion-button.button-1:active{color:#ffffff;}.fusion-button.button-1:hover .fusion-button-icon-divider, .fusion-button.button-1:hover .fusion-button-icon-divider, .fusion-button.button-1:active .fusion-button-icon-divider{border-color:#ffffff;}.fusion-button.button-1:hover, .fusion-button.button-1:focus, .fusion-button.button-1:active{border-color:#ffffff;}.fusion-button.button-1 {border-color:#ffffff;border-radius:2px;}.fusion-button.button-1{background: #8bae34;}.fusion-button.button-1:hover,.button-1:focus,.fusion-button.button-1:active{background: #c4d02d;}<\/style><a class=\"fusion-button button-flat button-small button-custom button-1 fusion-button-default-span fusion-button-default-type\" target=\"_blank\" rel=\"noopener noreferrer\" href=\"https:\/\/aerorecycling.com\/wp-content\/uploads\/2018\/04\/ISO-9001.pdf\"><i class=\" fa fa-arrow-right button-icon-left\"><\/i><span class=\"fusion-button-text\">DESCARGAR CERTIFICADO<\/span><\/a><\/div><div class=\"fusion-sep-clear\"><\/div><div class=\"fusion-separator fusion-full-width-sep sep-none\" style=\"margin-left: auto;margin-right: auto;margin-top:10px;margin-bottom:10px;\"><\/div><style type=\"text\/css\">.fusion-accordian  #accordion-422-1 .panel-title a .fa-fusion-box{ color: #ffffff;}.fusion-accordian  #accordion-422-1 .panel-title a .fa-fusion-box:before{ font-size: 12px; width: 12px;}.fusion-accordian  #accordion-422-1 .panel-title a{font-size:16px;}.fusion-accordian  #accordion-422-1 .fa-fusion-box { background-color: #cccccc;border-color: #cccccc;}.fusion-accordian  #accordion-422-1 .panel-title a:hover, #accordion-422-1 .fusion-toggle-boxed-mode:hover .panel-title a { color: #8bae34;}.fusion-accordian  #accordion-422-1 .panel-title .active .fa-fusion-box,.fusion-accordian  #accordion-422-1 .panel-title a:hover .fa-fusion-box { background-color: #8bae34!important;border-color: #8bae34!important;}<\/style><div class=\"accordian fusion-accordian\"><div class=\"panel-group\" id=\"accordion-422-1\" role=\"tablist\"><div class=\"fusion-panel panel-default\" role=\"tabpanel\"><div class=\"panel-heading\"><h4 class=\"panel-title toggle\"><a aria-expanded=\"false\" aria-selected=\"false\" aria-controls=\"dd81d5930f816d86c\" role=\"tab\" data-toggle=\"collapse\" data-target=\"#dd81d5930f816d86c\" href=\"#dd81d5930f816d86c\"><span class=\"fusion-toggle-icon-wrapper\" aria-hidden=\"true\"><i class=\"fa-fusion-box\"><\/i><\/span><span class=\"fusion-toggle-heading\">SISTEMA DE GESTI\u00d3N DE LA CALIDAD<\/span><\/a><\/h4><\/div><div id=\"dd81d5930f816d86c\" class=\"panel-collapse collapse \"><div class=\"panel-body toggle-content fusion-clearfix\">\n<p><img loading=\"lazy\" class=\"wp-image-474 alignleft\" src=\"https:\/\/aerorecycling.com\/wp-content\/uploads\/2018\/03\/icono_aerorecycling-300x204.png\" alt=\"\" width=\"56\" height=\"32\" \/>La Direcci\u00f3n de <strong>AERORECYCLING INTERNATIONAL<\/strong> se compromete a aportar todos los medios que est\u00e9n a su alcance y sean necesarios para mejorar continuamente la eficacia del Sistema de Calidad y conseguir los objetivos de mejora que se vayan estableciendo, as\u00ed como a informar de los resultados a todas las partes implicadas.<\/p>\n<\/div><\/div><\/div><\/div><\/div><div class=\"fusion-sep-clear\"><\/div><div class=\"fusion-separator fusion-full-width-sep sep-none\" style=\"margin-left: auto;margin-right: auto;margin-top:10px;margin-bottom:10px;\"><\/div><div class=\"fusion-button-wrapper fusion-align-block\"><style type=\"text\/css\">.fusion-button.button-2 .fusion-button-text, .fusion-button.button-2 i {color:#ffffff;}.fusion-button.button-2 .fusion-button-icon-divider{border-color:#ffffff;}.fusion-button.button-2:hover .fusion-button-text, .fusion-button.button-2:hover i,.fusion-button.button-2:focus .fusion-button-text, .fusion-button.button-2:focus i,.fusion-button.button-2:active .fusion-button-text, .fusion-button.button-2:active{color:#ffffff;}.fusion-button.button-2:hover .fusion-button-icon-divider, .fusion-button.button-2:hover .fusion-button-icon-divider, .fusion-button.button-2:active .fusion-button-icon-divider{border-color:#ffffff;}.fusion-button.button-2:hover, .fusion-button.button-2:focus, .fusion-button.button-2:active{border-color:#ffffff;}.fusion-button.button-2 {border-color:#ffffff;border-radius:2px;}.fusion-button.button-2{background: #8bae34;}.fusion-button.button-2:hover,.button-2:focus,.fusion-button.button-2:active{background: #c4d02d;}<\/style><a class=\"fusion-button button-flat button-small button-custom button-2 fusion-button-default-span fusion-button-default-type\" target=\"_blank\" rel=\"noopener noreferrer\" href=\"https:\/\/aerorecycling.com\/wp-content\/uploads\/2024\/07\/politica-gestion.pdf\"><i class=\"fa-arrow-right fas button-icon-left\"><\/i><span class=\"fusion-button-text\">DESCARGAR POL\u00cdTICA DE GESTION<\/span><\/a><\/div><div class=\"fusion-clearfix\"><\/div><\/div><\/div><div  data-animationType=slideInLeft data-animationDuration=1.0 data-animationOffset=100% class=\"fusion-layout-column fusion_builder_column fusion_builder_column_2_5 fusion-builder-column-2 fusion-two-fifth fusion-column-last fusion-animated 2_5\"  style='margin-top:0px;margin-bottom:50px;width:37.6%'><div class=\"fusion-column-wrapper\" style=\"padding: 0px 0px 0px 0px;background-image: url('https:\/\/aerorecycling.com\/wp-content\/uploads\/2018\/04\/recursocalidad.jpg');background-position:left top;background-repeat:no-repeat;-webkit-background-size:cover;-moz-background-size:cover;-o-background-size:cover;background-size:cover;\"   data-bg-url=\"https:\/\/aerorecycling.com\/wp-content\/uploads\/2018\/04\/recursocalidad.jpg\"><div class=\"fusion-clearfix\"><\/div><\/div><\/div><div  class=\"fusion-layout-column fusion_builder_column fusion_builder_column_3_5 fusion-builder-column-3 fusion-three-fifth fusion-column-first fusion-column-no-min-height 3_5\"  style='margin-top:0px;margin-bottom:50px;width:58.4%; margin-right: 4%;'><div class=\"fusion-column-wrapper\" style=\"padding: 0px 0px 0px 0px;background-position:left top;background-repeat:no-repeat;-webkit-background-size:cover;-moz-background-size:cover;-o-background-size:cover;background-size:cover;\"   data-bg-url=\"\"><style type=\"text\/css\">@media only screen and (max-width:800px) {.fusion-title.fusion-title-3{margin-top:10px!important;margin-bottom:10px!important;}}<\/style><div class=\"fusion-title title fusion-title-3 sep-underline sep-solid fusion-title-text fusion-title-size-two\" style=\"border-bottom-color:#8bae34;margin-top:0px;margin-bottom:0px;\"><h2 class=\"title-heading-left\" style=\"margin:0;\">Gesti\u00f3n medioambiental<\/h2><\/div><div class=\"fusion-text\"><p style=\"font-size: 18px; text-align: left;\">Compromiso 100% con el medioambiente<\/p>\n<p><strong>AERORECYCLING INTERNATIONAL<\/strong>\u00a0cumple con los est\u00e1ndares de Medio-Ambiente conforme a la norma\u00a0<strong>UNE-EN ISO 14.001:2.015\u00a0<\/strong><\/p>\n<\/div><div class=\"fusion-button-wrapper fusion-align-block\"><style type=\"text\/css\">.fusion-button.button-3 .fusion-button-text, .fusion-button.button-3 i {color:#ffffff;}.fusion-button.button-3 .fusion-button-icon-divider{border-color:#ffffff;}.fusion-button.button-3:hover .fusion-button-text, .fusion-button.button-3:hover i,.fusion-button.button-3:focus .fusion-button-text, .fusion-button.button-3:focus i,.fusion-button.button-3:active .fusion-button-text, .fusion-button.button-3:active{color:#ffffff;}.fusion-button.button-3:hover .fusion-button-icon-divider, .fusion-button.button-3:hover .fusion-button-icon-divider, .fusion-button.button-3:active .fusion-button-icon-divider{border-color:#ffffff;}.fusion-button.button-3:hover, .fusion-button.button-3:focus, .fusion-button.button-3:active{border-color:#ffffff;}.fusion-button.button-3 {border-color:#ffffff;border-radius:2px;}.fusion-button.button-3{background: #8bae34;}.fusion-button.button-3:hover,.button-3:focus,.fusion-button.button-3:active{background: #c4d02d;}<\/style><a class=\"fusion-button button-flat button-small button-custom button-3 fusion-button-default-span fusion-button-default-type\" target=\"_blank\" rel=\"noopener noreferrer\" href=\"https:\/\/aerorecycling.com\/wp-content\/uploads\/2018\/04\/ISO-14001.pdf\"><i class=\"fa-arrow-right fas button-icon-left\"><\/i><span class=\"fusion-button-text\">DESCARGAR CERTIFICADO<\/span><\/a><\/div><div class=\"fusion-sep-clear\"><\/div><div class=\"fusion-separator fusion-full-width-sep sep-none\" style=\"margin-left: auto;margin-right: auto;margin-top:10px;margin-bottom:10px;\"><\/div><style type=\"text\/css\">.fusion-accordian  #accordion-422-2 .panel-title a .fa-fusion-box{ color: #ffffff;}.fusion-accordian  #accordion-422-2 .panel-title a .fa-fusion-box:before{ font-size: 12px; width: 12px;}.fusion-accordian  #accordion-422-2 .panel-title a{font-size:16px;}.fusion-accordian  #accordion-422-2 .fa-fusion-box { background-color: #cccccc;border-color: #cccccc;}.fusion-accordian  #accordion-422-2 .panel-title a:hover, #accordion-422-2 .fusion-toggle-boxed-mode:hover .panel-title a { color: #8bae34;}.fusion-accordian  #accordion-422-2 .panel-title .active .fa-fusion-box,.fusion-accordian  #accordion-422-2 .panel-title a:hover .fa-fusion-box { background-color: #8bae34!important;border-color: #8bae34!important;}<\/style><div class=\"accordian fusion-accordian\"><div class=\"panel-group\" id=\"accordion-422-2\" role=\"tablist\"><div class=\"fusion-panel panel-default\" role=\"tabpanel\"><div class=\"panel-heading\"><h4 class=\"panel-title toggle\"><a aria-expanded=\"false\" aria-selected=\"false\" aria-controls=\"983234319bb39aed3\" role=\"tab\" data-toggle=\"collapse\" data-target=\"#983234319bb39aed3\" href=\"#983234319bb39aed3\"><span class=\"fusion-toggle-icon-wrapper\" aria-hidden=\"true\"><i class=\"fa-fusion-box\"><\/i><\/span><span class=\"fusion-toggle-heading\">PRINCIPIOS DE POL\u00cdTICA AMBIENTAL<\/span><\/a><\/h4><\/div><div id=\"983234319bb39aed3\" class=\"panel-collapse collapse \"><div class=\"panel-body toggle-content fusion-clearfix\">\n<p><img loading=\"lazy\" class=\"wp-image-474 alignleft\" src=\"https:\/\/aerorecycling.com\/wp-content\/uploads\/2018\/03\/icono_aerorecycling-300x204.png\" alt=\"\" width=\"56\" height=\"32\" \/>1.Compromiso del cumplimiento de la normativa vigente en materia ambiental aplicable a los aspectos ambientales de nuestras actividades, productos y servicios (as\u00ed como el compromiso de cumplimiento de otros requisitos que podamos suscribir de forma voluntaria).<br \/>\n<img loading=\"lazy\" class=\"wp-image-474 alignleft\" src=\"https:\/\/aerorecycling.com\/wp-content\/uploads\/2018\/03\/icono_aerorecycling-300x204.png\" alt=\"\" width=\"56\" height=\"32\" \/>2.Puesta en pr\u00e1ctica del principio de prevenci\u00f3n de la contaminaci\u00f3n en la operativa diaria.<\/p>\n<p><img loading=\"lazy\" class=\"wp-image-474 alignleft\" src=\"https:\/\/aerorecycling.com\/wp-content\/uploads\/2018\/03\/icono_aerorecycling-300x204.png\" alt=\"\" width=\"56\" height=\"32\" \/>3.Compromiso de mejora continua en el desempe\u00f1o ambiental de la empresa.<\/p>\n<p><img loading=\"lazy\" class=\"wp-image-474 alignleft\" src=\"https:\/\/aerorecycling.com\/wp-content\/uploads\/2018\/03\/icono_aerorecycling-300x204.png\" alt=\"\" width=\"56\" height=\"32\" \/>4.Implantaci\u00f3n de una sistem\u00e1tica para el establecimiento y revisi\u00f3n de objetivos y metas ambientales apropiados a la naturaleza, magnitud e impactos ambientales de nuestras actividades, productos y servicios.<\/p>\n<p><img loading=\"lazy\" class=\"wp-image-474 alignleft\" src=\"https:\/\/aerorecycling.com\/wp-content\/uploads\/2018\/03\/icono_aerorecycling-300x204.png\" alt=\"\" width=\"56\" height=\"32\" \/>5. Comunicaci\u00f3n de la pol\u00edtica ambiental a todo el personal de la empresa.<\/p>\n<p><img loading=\"lazy\" class=\"wp-image-474 alignleft\" src=\"https:\/\/aerorecycling.com\/wp-content\/uploads\/2018\/03\/icono_aerorecycling-300x204.png\" alt=\"\" width=\"56\" height=\"32\" \/>6. Mantenimiento de la pol\u00edtica ambiental a disposici\u00f3n de las partes externas interesadas.<\/p>\n<\/div><\/div><\/div><\/div><\/div><div class=\"fusion-sep-clear\"><\/div><div class=\"fusion-separator fusion-full-width-sep sep-none\" style=\"margin-left: auto;margin-right: auto;margin-top:10px;margin-bottom:10px;\"><\/div><div class=\"fusion-button-wrapper fusion-align-block\"><style type=\"text\/css\">.fusion-button.button-4 .fusion-button-text, .fusion-button.button-4 i {color:#ffffff;}.fusion-button.button-4 .fusion-button-icon-divider{border-color:#ffffff;}.fusion-button.button-4:hover .fusion-button-text, .fusion-button.button-4:hover i,.fusion-button.button-4:focus .fusion-button-text, .fusion-button.button-4:focus i,.fusion-button.button-4:active .fusion-button-text, .fusion-button.button-4:active{color:#ffffff;}.fusion-button.button-4:hover .fusion-button-icon-divider, .fusion-button.button-4:hover .fusion-button-icon-divider, .fusion-button.button-4:active .fusion-button-icon-divider{border-color:#ffffff;}.fusion-button.button-4:hover, .fusion-button.button-4:focus, .fusion-button.button-4:active{border-color:#ffffff;}.fusion-button.button-4 {border-color:#ffffff;border-radius:2px;}.fusion-button.button-4{background: #8bae34;}.fusion-button.button-4:hover,.button-4:focus,.fusion-button.button-4:active{background: #c4d02d;}<\/style><a class=\"fusion-button button-flat button-small button-custom button-4 fusion-button-default-span fusion-button-default-type\" target=\"_blank\" rel=\"noopener noreferrer\" href=\"https:\/\/aerorecycling.com\/wp-content\/uploads\/2024\/07\/politica-gestion.pdf\"><i class=\"fa-arrow-right fas button-icon-left\"><\/i><span class=\"fusion-button-text\">DESCARGAR POL\u00cdTICA DE CALIDAD Y MEDIOAMBIENTE<\/span><\/a><\/div><div class=\"fusion-clearfix\"><\/div><\/div><\/div><div  data-animationType=slideInLeft data-animationDuration=1.0 data-animationOffset=100% class=\"fusion-layout-column fusion_builder_column fusion_builder_column_2_5 fusion-builder-column-4 fusion-two-fifth fusion-column-last fusion-animated 2_5\"  style='margin-top:0px;margin-bottom:50px;width:37.6%'><div class=\"fusion-column-wrapper\" style=\"padding: 0px 0px 0px 0px;background-image: url('https:\/\/aerorecycling.com\/wp-content\/uploads\/2018\/04\/recursocielo.jpg');background-position:left top;background-repeat:no-repeat;-webkit-background-size:cover;-moz-background-size:cover;-o-background-size:cover;background-size:cover;\"   data-bg-url=\"https:\/\/aerorecycling.com\/wp-content\/uploads\/2018\/04\/recursocielo.jpg\"><div class=\"fusion-clearfix\"><\/div><\/div><\/div><div  class=\"fusion-layout-column fusion_builder_column fusion_builder_column_3_5 fusion-builder-column-5 fusion-three-fifth fusion-column-first fusion-column-no-min-height 3_5\"  style='margin-top:0px;margin-bottom:0px;width:58.4%; margin-right: 4%;'><div class=\"fusion-column-wrapper\" style=\"padding: 0px 0px 0px 0px;background-position:left top;background-repeat:no-repeat;-webkit-background-size:cover;-moz-background-size:cover;-o-background-size:cover;background-size:cover;\"   data-bg-url=\"\"><style type=\"text\/css\">@media only screen and (max-width:800px) {.fusion-title.fusion-title-4{margin-top:10px!important;margin-bottom:10px!important;}}<\/style><div class=\"fusion-title title fusion-title-4 sep-underline sep-solid fusion-title-text fusion-title-size-two\" style=\"border-bottom-color:#8bae34;margin-top:0px;margin-bottom:0px;\"><h2 class=\"title-heading-left\" style=\"margin:0;\">Riesgos laborales<\/h2><\/div><div class=\"fusion-text\"><p style=\"font-size: 18px; text-align: left;\">Nuestro equipo es nuestro mayor valor<\/p>\n<p>Los profesionales de <strong>AERORECYCLING INTERNATIONAL<\/strong> trabajan siempre en condiciones \u00f3ptimas porque la seguridad del equipo es la prioridad en todas las actuaciones.<\/p>\n<\/div><div class=\"fusion-sep-clear\"><\/div><div class=\"fusion-separator fusion-full-width-sep sep-none\" style=\"margin-left: auto;margin-right: auto;margin-top:10px;margin-bottom:10px;\"><\/div><div class=\"fusion-clearfix\"><\/div><\/div><\/div><div  data-animationType=slideInLeft data-animationDuration=1.0 data-animationOffset=100% class=\"fusion-layout-column fusion_builder_column fusion_builder_column_2_5 fusion-builder-column-6 fusion-two-fifth fusion-column-last fusion-animated 2_5\"  style='margin-top:0px;margin-bottom:50px;width:37.6%'><div class=\"fusion-column-wrapper\" style=\"padding: 0px 0px 0px 0px;background-image: url('https:\/\/aerorecycling.com\/wp-content\/uploads\/2018\/04\/recursoriesgoslaborales.jpg');background-position:left top;background-repeat:no-repeat;-webkit-background-size:cover;-moz-background-size:cover;-o-background-size:cover;background-size:cover;\"   data-bg-url=\"https:\/\/aerorecycling.com\/wp-content\/uploads\/2018\/04\/recursoriesgoslaborales.jpg\"><div class=\"fusion-clearfix\"><\/div><\/div><\/div><\/div><\/div>\n","protected":false},"excerpt":{"rendered":"","protected":false},"author":2,"featured_media":0,"parent":0,"menu_order":7,"comment_status":"closed","ping_status":"closed","template":"","meta":[],"_links":{"self":[{"href":"https:\/\/aerorecycling.com\/es\/wp-json\/wp\/v2\/pages\/422"}],"collection":[{"href":"https:\/\/aerorecycling.com\/es\/wp-json\/wp\/v2\/pages"}],"about":[{"href":"https:\/\/aerorecycling.com\/es\/wp-json\/wp\/v2\/types\/page"}],"author":[{"embeddable":true,"href":"https:\/\/aerorecycling.com\/es\/wp-json\/wp\/v2\/users\/2"}],"replies":[{"embeddable":true,"href":"https:\/\/aerorecycling.com\/es\/wp-json\/wp\/v2\/comments?post=422"}],"version-history":[{"count":35,"href":"https:\/\/aerorecycling.com\/es\/wp-json\/wp\/v2\/pages\/422\/revisions"}],"predecessor-version":[{"id":2575,"href":"https:\/\/aerorecycling.com\/es\/wp-json\/wp\/v2\/pages\/422\/revisions\/2575"}],"wp:attachment":[{"href":"https:\/\/aerorecycling.com\/es\/wp-json\/wp\/v2\/media?parent=422"}],"curies":[{"name":"wp","href":"https:\/\/api.w.org\/{rel}","templated":true}]}}