{"id":447,"date":"2018-03-20T10:00:41","date_gmt":"2018-03-20T09:00:41","guid":{"rendered":"http:\/\/aerorecycling.com\/nueva\/?page_id=447"},"modified":"2018-04-16T16:15:52","modified_gmt":"2018-04-16T14:15:52","slug":"virutas","status":"publish","type":"page","link":"https:\/\/aerorecycling.com\/es\/valorizacion-de-metales-especiales\/virutas\/","title":{"rendered":"VIRUTAS"},"content":{"rendered":"<p><div class=\"fusion-fullwidth fullwidth-box fusion-builder-row-1 nonhundred-percent-fullwidth non-hundred-percent-height-scrolling\"  style='background-color: #ffffff;background-position: center bottom;background-repeat: repeat-x;padding-top:20px;padding-right:0px;padding-bottom:0px;padding-left:0px;border-top-width:0px;border-bottom-width:0px;border-color:rgba(97,158,133,0);border-top-style:solid;border-bottom-style:solid;'><div class=\"fusion-builder-row fusion-row \"><div  class=\"fusion-layout-column fusion_builder_column fusion_builder_column_1_1 fusion-builder-column-0 fusion-one-full fusion-column-first fusion-column-last fusion-column-no-min-height 1_1\"  style='margin-top:0px;margin-bottom:0px;'><div class=\"fusion-column-wrapper\" style=\"padding: 0px 0px 0px 0px;background-position:left top;background-repeat:no-repeat;-webkit-background-size:cover;-moz-background-size:cover;-o-background-size:cover;background-size:cover;\"   data-bg-url=\"\"><style type=\"text\/css\">@media only screen and (max-width:800px) {.fusion-title.fusion-title-1{margin-top:10px!important;margin-bottom:10px!important;}}<\/style><div class=\"fusion-title title fusion-title-1 fusion-sep-none fusion-title-center fusion-title-text fusion-title-size-one\" style=\"margin-top:0px;margin-bottom:60px;\"><h1 class=\"title-heading-center\" style=\"margin:0;\"><h3 style=\"text-align: center;\"><img loading=\"lazy\" class=\"wp-image-474 alignnone\" src=\"https:\/\/aerorecycling.com\/wp-content\/uploads\/2018\/03\/icono_aerorecycling-300x204.png\" alt=\"\" width=\"100\" height=\"68\" srcset=\"https:\/\/aerorecycling.com\/wp-content\/uploads\/2018\/03\/icono_aerorecycling-200x136.png 200w, https:\/\/aerorecycling.com\/wp-content\/uploads\/2018\/03\/icono_aerorecycling-300x204.png 300w, https:\/\/aerorecycling.com\/wp-content\/uploads\/2018\/03\/icono_aerorecycling-400x272.png 400w, https:\/\/aerorecycling.com\/wp-content\/uploads\/2018\/03\/icono_aerorecycling-600x408.png 600w, https:\/\/aerorecycling.com\/wp-content\/uploads\/2018\/03\/icono_aerorecycling.png 754w\" sizes=\"(max-width: 100px) 100vw, 100px\" \/><\/h3>\n<h3 style=\"text-align: center;\"><span style=\"color: #8bae34; font-weight: 900;\"><span style=\"color: #c4d02d;\"><span style=\"font-weight: 900;\">PROCESO INTEGRAL<\/span><\/span> <\/span>PARA REVALORIZAR <span style=\"color: #c4d02d;\"><span style=\"font-weight: 900;\">TODO TIPO DE VIRUTAS ESPECIALES\u00a0<\/span><\/span><\/h3><\/h1><\/div><div class=\"fusion-clearfix\"><\/div><\/div><\/div><\/div><\/div><div class=\"fusion-fullwidth fullwidth-box fusion-builder-row-2 nonhundred-percent-fullwidth non-hundred-percent-height-scrolling\"  style='background-color: #ffffff;background-position: center bottom;background-repeat: repeat-x;padding-top:0px;padding-right:0px;padding-bottom:0px;padding-left:0px;border-top-width:0px;border-bottom-width:0px;border-color:rgba(97,158,133,0);border-top-style:solid;border-bottom-style:solid;'><div class=\"fusion-builder-row fusion-row \"><div  class=\"fusion-layout-column fusion_builder_column fusion_builder_column_1_3 fusion-builder-column-1 fusion-one-third fusion-column-first fusion-column-no-min-height 1_3\"  style='margin-top:0px;margin-bottom:50px;width:30.6666%; margin-right: 4%;'><div class=\"fusion-column-wrapper\" style=\"padding: 0px 0px 0px 0px;background-position:left top;background-repeat:no-repeat;-webkit-background-size:cover;-moz-background-size:cover;-o-background-size:cover;background-size:cover;\"   data-bg-url=\"\"><span class=\"fusion-imageframe imageframe-none imageframe-1 hover-type-none fusion-animated\" data-animationType=\"fadeInLeft\" data-animationDuration=\"0.3\" data-animationOffset=\"100%\"><img loading=\"lazy\" src=\"https:\/\/aerorecycling.com\/wp-content\/uploads\/2018\/04\/1todotipovirutas.jpg\" width=\"1000\" height=\"719\" alt=\"\" title=\"1todotipovirutas\" class=\"img-responsive wp-image-967\" srcset=\"https:\/\/aerorecycling.com\/wp-content\/uploads\/2018\/04\/1todotipovirutas-200x144.jpg 200w, https:\/\/aerorecycling.com\/wp-content\/uploads\/2018\/04\/1todotipovirutas-400x288.jpg 400w, https:\/\/aerorecycling.com\/wp-content\/uploads\/2018\/04\/1todotipovirutas-600x431.jpg 600w, https:\/\/aerorecycling.com\/wp-content\/uploads\/2018\/04\/1todotipovirutas-800x575.jpg 800w, https:\/\/aerorecycling.com\/wp-content\/uploads\/2018\/04\/1todotipovirutas.jpg 1000w\" sizes=\"(max-width: 800px) 100vw, 400px\" \/><\/span><div class=\"fusion-sep-clear\"><\/div><div class=\"fusion-separator fusion-full-width-sep sep-none\" style=\"margin-left: auto;margin-right: auto;margin-top:10px;\"><\/div><style type=\"text\/css\">@media only screen and (max-width:800px) {.fusion-title.fusion-title-2{margin-top:10px!important;margin-bottom:10px!important;}}<\/style><div class=\"fusion-title title fusion-title-2 fusion-sep-none fusion-title-center fusion-title-text fusion-title-size-four\" style=\"margin-top:0px;margin-bottom:0px;\"><h4 class=\"title-heading-center\" style=\"margin:0;\"><strong><span style=\"color: #c4d02d;\">1.<\/span> Todo de tipo de viruta<\/strong><\/h4><\/div><div class=\"fusion-sep-clear\"><\/div><div class=\"fusion-separator fusion-full-width-sep sep-single sep-solid\" style=\"border-color:#c4d02d;border-top-width:1px;margin-left: auto;margin-right: auto;margin-top:;\"><\/div><div class=\"fusion-clearfix\"><\/div><\/div><\/div><div  class=\"fusion-layout-column fusion_builder_column fusion_builder_column_1_3 fusion-builder-column-2 fusion-one-third fusion-column-no-min-height 1_3\"  style='margin-top:0px;margin-bottom:50px;width:30.6666%; margin-right: 4%;'><div class=\"fusion-column-wrapper\" style=\"padding: 0px 0px 0px 0px;background-position:left top;background-repeat:no-repeat;-webkit-background-size:cover;-moz-background-size:cover;-o-background-size:cover;background-size:cover;\"   data-bg-url=\"\"><span class=\"fusion-imageframe imageframe-none imageframe-2 hover-type-none fusion-animated\" data-animationType=\"fadeInLeft\" data-animationDuration=\"0.3\" data-animationOffset=\"100%\"><img loading=\"lazy\" src=\"https:\/\/aerorecycling.com\/wp-content\/uploads\/2018\/04\/2procesoautomatizado.jpg\" width=\"1000\" height=\"719\" alt=\"\" title=\"2procesoautomatizado\" class=\"img-responsive wp-image-968\" srcset=\"https:\/\/aerorecycling.com\/wp-content\/uploads\/2018\/04\/2procesoautomatizado-200x144.jpg 200w, https:\/\/aerorecycling.com\/wp-content\/uploads\/2018\/04\/2procesoautomatizado-400x288.jpg 400w, https:\/\/aerorecycling.com\/wp-content\/uploads\/2018\/04\/2procesoautomatizado-600x431.jpg 600w, https:\/\/aerorecycling.com\/wp-content\/uploads\/2018\/04\/2procesoautomatizado-800x575.jpg 800w, https:\/\/aerorecycling.com\/wp-content\/uploads\/2018\/04\/2procesoautomatizado.jpg 1000w\" sizes=\"(max-width: 800px) 100vw, 400px\" \/><\/span><div class=\"fusion-sep-clear\"><\/div><div class=\"fusion-separator fusion-full-width-sep sep-none\" style=\"margin-left: auto;margin-right: auto;margin-top:10px;\"><\/div><style type=\"text\/css\">@media only screen and (max-width:800px) {.fusion-title.fusion-title-3{margin-top:10px!important;margin-bottom:10px!important;}}<\/style><div class=\"fusion-title title fusion-title-3 fusion-sep-none fusion-title-center fusion-title-text fusion-title-size-four\" style=\"margin-top:0px;margin-bottom:0px;\"><h4 class=\"title-heading-center\" style=\"margin:0;\"><strong><span style=\"color: #c4d02d;\">2.\u00a0<\/span>Proceso\u00a0<\/strong><b>automatizado<\/b><\/h4><\/div><div class=\"fusion-sep-clear\"><\/div><div class=\"fusion-separator fusion-full-width-sep sep-single sep-solid\" style=\"border-color:#c4d02d;border-top-width:1px;margin-left: auto;margin-right: auto;margin-top:;\"><\/div><div class=\"fusion-clearfix\"><\/div><\/div><\/div><div  class=\"fusion-layout-column fusion_builder_column fusion_builder_column_1_3 fusion-builder-column-3 fusion-one-third fusion-column-last fusion-column-no-min-height 1_3\"  style='margin-top:0px;margin-bottom:50px;width:30.6666%'><div class=\"fusion-column-wrapper\" style=\"padding: 0px 0px 0px 0px;background-position:left top;background-repeat:no-repeat;-webkit-background-size:cover;-moz-background-size:cover;-o-background-size:cover;background-size:cover;\"   data-bg-url=\"\"><span class=\"fusion-imageframe imageframe-none imageframe-3 hover-type-none fusion-animated\" data-animationType=\"fadeInLeft\" data-animationDuration=\"0.3\" data-animationOffset=\"100%\"><img loading=\"lazy\" src=\"https:\/\/aerorecycling.com\/wp-content\/uploads\/2018\/04\/3triturado-centrifugado-magneticos.jpg\" width=\"1000\" height=\"719\" alt=\"\" title=\"3triturado-centrifugado-magneticos\" class=\"img-responsive wp-image-969\" srcset=\"https:\/\/aerorecycling.com\/wp-content\/uploads\/2018\/04\/3triturado-centrifugado-magneticos-200x144.jpg 200w, https:\/\/aerorecycling.com\/wp-content\/uploads\/2018\/04\/3triturado-centrifugado-magneticos-400x288.jpg 400w, https:\/\/aerorecycling.com\/wp-content\/uploads\/2018\/04\/3triturado-centrifugado-magneticos-600x431.jpg 600w, https:\/\/aerorecycling.com\/wp-content\/uploads\/2018\/04\/3triturado-centrifugado-magneticos-800x575.jpg 800w, https:\/\/aerorecycling.com\/wp-content\/uploads\/2018\/04\/3triturado-centrifugado-magneticos.jpg 1000w\" sizes=\"(max-width: 800px) 100vw, 400px\" \/><\/span><div class=\"fusion-sep-clear\"><\/div><div class=\"fusion-separator fusion-full-width-sep sep-none\" style=\"margin-left: auto;margin-right: auto;margin-top:10px;\"><\/div><style type=\"text\/css\">@media only screen and (max-width:800px) {.fusion-title.fusion-title-4{margin-top:10px!important;margin-bottom:10px!important;}}<\/style><div class=\"fusion-title title fusion-title-4 fusion-sep-none fusion-title-center fusion-title-text fusion-title-size-four\" style=\"margin-top:0px;margin-bottom:0px;\"><h4 class=\"title-heading-center\" style=\"margin:0;\"><strong><span style=\"color: #c4d02d;\">3.\u00a0<\/span>Triturado, centrifugado y magn\u00e9ticos<\/strong><\/h4><\/div><div class=\"fusion-sep-clear\"><\/div><div class=\"fusion-separator fusion-full-width-sep sep-single sep-solid\" style=\"border-color:#c4d02d;border-top-width:1px;margin-left: auto;margin-right: auto;margin-top:;\"><\/div><div class=\"fusion-clearfix\"><\/div><\/div><\/div><div  class=\"fusion-layout-column fusion_builder_column fusion_builder_column_1_3 fusion-builder-column-4 fusion-one-third fusion-column-first fusion-column-no-min-height 1_3\"  style='margin-top:0px;margin-bottom:50px;width:30.6666%; margin-right: 4%;'><div class=\"fusion-column-wrapper\" style=\"padding: 0px 0px 0px 0px;background-position:left top;background-repeat:no-repeat;-webkit-background-size:cover;-moz-background-size:cover;-o-background-size:cover;background-size:cover;\"   data-bg-url=\"\"><span class=\"fusion-imageframe imageframe-none imageframe-4 hover-type-none fusion-animated\" data-animationType=\"fadeInLeft\" data-animationDuration=\"0.3\" data-animationOffset=\"100%\"><img loading=\"lazy\" src=\"https:\/\/aerorecycling.com\/wp-content\/uploads\/2018\/04\/4ensacado.jpg\" width=\"1000\" height=\"719\" alt=\"\" title=\"4ensacado\" class=\"img-responsive wp-image-970\" srcset=\"https:\/\/aerorecycling.com\/wp-content\/uploads\/2018\/04\/4ensacado-200x144.jpg 200w, https:\/\/aerorecycling.com\/wp-content\/uploads\/2018\/04\/4ensacado-400x288.jpg 400w, https:\/\/aerorecycling.com\/wp-content\/uploads\/2018\/04\/4ensacado-600x431.jpg 600w, https:\/\/aerorecycling.com\/wp-content\/uploads\/2018\/04\/4ensacado-800x575.jpg 800w, https:\/\/aerorecycling.com\/wp-content\/uploads\/2018\/04\/4ensacado.jpg 1000w\" sizes=\"(max-width: 800px) 100vw, 400px\" \/><\/span><div class=\"fusion-sep-clear\"><\/div><div class=\"fusion-separator fusion-full-width-sep sep-none\" style=\"margin-left: auto;margin-right: auto;margin-top:10px;\"><\/div><style type=\"text\/css\">@media only screen and (max-width:800px) {.fusion-title.fusion-title-5{margin-top:10px!important;margin-bottom:10px!important;}}<\/style><div class=\"fusion-title title fusion-title-5 fusion-sep-none fusion-title-center fusion-title-text fusion-title-size-four\" style=\"margin-top:0px;margin-bottom:0px;\"><h4 class=\"title-heading-center\" style=\"margin:0;\"><strong><span style=\"color: #c4d02d;\">4.<\/span> Ensacado<\/strong><\/h4><\/div><div class=\"fusion-sep-clear\"><\/div><div class=\"fusion-separator fusion-full-width-sep sep-single sep-solid\" style=\"border-color:#c4d02d;border-top-width:1px;margin-left: auto;margin-right: auto;margin-top:;\"><\/div><div class=\"fusion-clearfix\"><\/div><\/div><\/div><div  class=\"fusion-layout-column fusion_builder_column fusion_builder_column_1_3 fusion-builder-column-5 fusion-one-third fusion-column-no-min-height 1_3\"  style='margin-top:0px;margin-bottom:50px;width:30.6666%; margin-right: 4%;'><div class=\"fusion-column-wrapper\" style=\"padding: 0px 0px 0px 0px;background-position:left top;background-repeat:no-repeat;-webkit-background-size:cover;-moz-background-size:cover;-o-background-size:cover;background-size:cover;\"   data-bg-url=\"\"><span class=\"fusion-imageframe imageframe-none imageframe-5 hover-type-none fusion-animated\" data-animationType=\"fadeInLeft\" data-animationDuration=\"0.3\" data-animationOffset=\"100%\"><img loading=\"lazy\" src=\"https:\/\/aerorecycling.com\/wp-content\/uploads\/2018\/04\/4logistica2.jpg\" width=\"1000\" height=\"719\" alt=\"\" title=\"4logistica2\" class=\"img-responsive wp-image-971\" srcset=\"https:\/\/aerorecycling.com\/wp-content\/uploads\/2018\/04\/4logistica2-200x144.jpg 200w, https:\/\/aerorecycling.com\/wp-content\/uploads\/2018\/04\/4logistica2-400x288.jpg 400w, https:\/\/aerorecycling.com\/wp-content\/uploads\/2018\/04\/4logistica2-600x431.jpg 600w, https:\/\/aerorecycling.com\/wp-content\/uploads\/2018\/04\/4logistica2-800x575.jpg 800w, https:\/\/aerorecycling.com\/wp-content\/uploads\/2018\/04\/4logistica2.jpg 1000w\" sizes=\"(max-width: 800px) 100vw, 400px\" \/><\/span><div class=\"fusion-sep-clear\"><\/div><div class=\"fusion-separator fusion-full-width-sep sep-none\" style=\"margin-left: auto;margin-right: auto;margin-top:10px;\"><\/div><style type=\"text\/css\">@media only screen and (max-width:800px) {.fusion-title.fusion-title-6{margin-top:10px!important;margin-bottom:10px!important;}}<\/style><div class=\"fusion-title title fusion-title-6 fusion-sep-none fusion-title-center fusion-title-text fusion-title-size-four\" style=\"margin-top:0px;margin-bottom:0px;\"><h4 class=\"title-heading-center\" style=\"margin:0;\"><strong><span style=\"color: #c4d02d;\">5. <\/span>Log\u00edstica y entrega<\/strong><\/h4><\/div><div class=\"fusion-sep-clear\"><\/div><div class=\"fusion-separator fusion-full-width-sep sep-single sep-solid\" style=\"border-color:#c4d02d;border-top-width:1px;margin-left: auto;margin-right: auto;margin-top:;\"><\/div><div class=\"fusion-clearfix\"><\/div><\/div><\/div><div  class=\"fusion-layout-column fusion_builder_column fusion_builder_column_1_3 fusion-builder-column-6 fusion-one-third fusion-column-last fusion-column-no-min-height 1_3\"  style='margin-top:0px;margin-bottom:50px;width:30.6666%'><div class=\"fusion-column-wrapper\" style=\"padding: 0px 0px 0px 0px;background-position:left top;background-repeat:no-repeat;-webkit-background-size:cover;-moz-background-size:cover;-o-background-size:cover;background-size:cover;\"   data-bg-url=\"\"><div class=\"fusion-video fusion-youtube fusion-aligncenter\" style=\"max-width:600px;max-height:360px; width:100%\"><div class=\"video-shortcode\"><iframe title=\"YouTube video player\" src=\"https:\/\/www.youtube.com\/embed\/76sK_uXiWx0?wmode=transparent&autoplay=0&amp;rel=0\" width=\"600\" height=\"360\" allowfullscreen allow=\"autoplay; fullscreen\"><\/iframe><\/div><\/div><div class=\"fusion-clearfix\"><\/div><\/div><\/div><div  class=\"fusion-layout-column fusion_builder_column fusion_builder_column_1_1 fusion-builder-column-7 fusion-one-full fusion-column-first fusion-column-last fusion-column-no-min-height 1_1\"  style='margin-top:0px;margin-bottom:50px;'><div class=\"fusion-column-wrapper\" style=\"padding: 0px 0px 0px 0px;background-position:left top;background-repeat:no-repeat;-webkit-background-size:cover;-moz-background-size:cover;-o-background-size:cover;background-size:cover;\"   data-bg-url=\"\"><div class=\"fusion-sep-clear\"><\/div><div class=\"fusion-separator fusion-full-width-sep sep-single\" style=\"border-color:#e0e0e0;border-top-width:1px;margin-left: auto;margin-right: auto;margin-top:10px;margin-bottom:5px;\"><\/div><div class=\"fusion-text\"><p style=\"text-align: center;\"><strong>El servicio se presta en \u00a0sus instalaciones o bien en nuestras instalaciones con toda la maquinaria y tecnolog\u00eda propias (Molino triturado,\u00a0Centrifugadora,\u00a0robot de clasificado autom\u00e1tico, m\u00e1quina para la retirada de magn\u00e9ticos).<\/strong><\/p>\n<p style=\"text-align: center;\">Ofrecemos respuestas competitivas y aportamos nuestro conocimiento para proporcionarle la mejor soluci\u00f3n posible a trav\u00e9s de un amplia gama de materiales en diversos formatos (granel, sacas, contenedores..) adapt\u00e1ndonos a sus necesidades reales.<\/p>\n<\/div><div class=\"fusion-button-wrapper fusion-align-block\"><style type=\"text\/css\">.fusion-button.button-1 {border-radius:2px;}<\/style><a class=\"fusion-button button-flat button-medium button-default button-1 fusion-button-default-span fusion-button-default-type\" target=\"_self\" href=\"#\" data-toggle=\"modal\" data-target=\".fusion-modal.virutas\"><span class=\"fusion-button-text\">VER COMPOSICI\u00d3N DE MATERIALES PRINCIPALES<\/span><\/a><\/div><div class=\"fusion-modal modal fade modal-1 virutas\" tabindex=\"-1\" role=\"dialog\" aria-labelledby=\"modal-heading-1\" aria-hidden=\"true\"><style type=\"text\/css\">.modal-1 .modal-header, .modal-1 .modal-footer{border-color:#8bae34;}<\/style><div class=\"modal-dialog modal-lg\"><div class=\"modal-content fusion-modal-content\" style=\"background-color:#ffffff\"><div class=\"modal-header\"><button class=\"close\" type=\"button\" data-dismiss=\"modal\" aria-hidden=\"true\">&times;<\/button><h3 class=\"modal-title\" id=\"modal-heading-1\" data-dismiss=\"modal\" aria-hidden=\"true\">VIRUTAS. COMPOSICI\u00d3N DE MATERIALES M\u00c1S FRECUENTES<\/h3><\/div><div class=\"modal-body fusion-clearfix\">\n<table id=\"tablepress-18\" class=\"tablepress tablepress-id-18\">\n<thead>\n<tr class=\"row-1 odd\">\n\t<th class=\"column-1\">Composici\u00f3n del material<\/th><th class=\"column-2\">Ni<\/th><th class=\"column-3\">Cr<\/th><th class=\"column-4\">Mo<\/th><th class=\"column-5\">C<\/th><th class=\"column-6\">Cu<\/th><th class=\"column-7\">Ti<\/th><th class=\"column-8\">Al<\/th><th class=\"column-9\">Fe<\/th><th class=\"column-10\">Mn<\/th><th class=\"column-11\">Cb<\/th><th class=\"column-12\">Otros<\/th>\n<\/tr>\n<\/thead>\n<tbody class=\"row-hover\">\n<tr class=\"row-2 even\">\n\t<td class=\"column-1\">INCONEL 718<\/td><td class=\"column-2\">52.50<\/td><td class=\"column-3\">19.00<\/td><td class=\"column-4\">3.05<\/td><td class=\"column-5\">0.04<\/td><td class=\"column-6\">-<\/td><td class=\"column-7\">0.90<\/td><td class=\"column-8\">0.50<\/td><td class=\"column-9\">18.50<\/td><td class=\"column-10\">0.20<\/td><td class=\"column-11\">Cb+Ta 5.30<\/td><td class=\"column-12\">Si-0.30 B 0.005<\/td>\n<\/tr>\n<tr class=\"row-3 odd\">\n\t<td class=\"column-1\">INCONEL 625<\/td><td class=\"column-2\">61.00<\/td><td class=\"column-3\">22.50<\/td><td class=\"column-4\">9.00<\/td><td class=\"column-5\">0.05<\/td><td class=\"column-6\">-<\/td><td class=\"column-7\">0.20<\/td><td class=\"column-8\">0.20<\/td><td class=\"column-9\">3.00<\/td><td class=\"column-10\">0.15<\/td><td class=\"column-11\">Cb+Ta 3.65<\/td><td class=\"column-12\">Si-0.30<\/td>\n<\/tr>\n<tr class=\"row-4 even\">\n\t<td class=\"column-1\">TITANIO<\/td><td class=\"column-2\">-<\/td><td class=\"column-3\">-<\/td><td class=\"column-4\">-<\/td><td class=\"column-5\">-<\/td><td class=\"column-6\">-<\/td><td class=\"column-7\">90<\/td><td class=\"column-8\">6<\/td><td class=\"column-9\">-<\/td><td class=\"column-10\">-<\/td><td class=\"column-11\">-<\/td><td class=\"column-12\">V-4<\/td>\n<\/tr>\n<\/tbody>\n<\/table>\n<!-- #tablepress-18 from cache -->\n<table id=\"tablepress-19\" class=\"tablepress tablepress-id-19\">\n<thead>\n<tr class=\"row-1 odd\">\n\t<th class=\"column-1\">Composici\u00f3n del material<\/th><th class=\"column-2\">Al<\/th><th class=\"column-3\">Fe<\/th><th class=\"column-4\">Si<\/th><th class=\"column-5\">Cu<\/th><th class=\"column-6\">Mn<\/th><th class=\"column-7\">Mg<\/th><th class=\"column-8\">Cr<\/th><th class=\"column-9\">Ni<\/th><th class=\"column-10\">Zn<\/th><th class=\"column-11\">Ti<\/th><th class=\"column-12\">Otros<\/th>\n<\/tr>\n<\/thead>\n<tbody class=\"row-hover\">\n<tr class=\"row-2 even\">\n\t<td class=\"column-1\">ALUMINIO 7050  <\/td><td class=\"column-2\">89.10<\/td><td class=\"column-3\">0.15<\/td><td class=\"column-4\">0.12<\/td><td class=\"column-5\">2.05<\/td><td class=\"column-6\">0.04<\/td><td class=\"column-7\">2.15<\/td><td class=\"column-8\">0.04<\/td><td class=\"column-9\">0.03<\/td><td class=\"column-10\">6.30<\/td><td class=\"column-11\">0.06<\/td><td class=\"column-12\">Zr-0.05-0.12<\/td>\n<\/tr>\n<tr class=\"row-3 odd\">\n\t<td class=\"column-1\">ALUMINIO 7075<\/td><td class=\"column-2\">89.37<\/td><td class=\"column-3\">0.5<\/td><td class=\"column-4\">0.40<\/td><td class=\"column-5\">1.60<\/td><td class=\"column-6\">0.3<\/td><td class=\"column-7\">2.50<\/td><td class=\"column-8\">0.23<\/td><td class=\"column-9\">-<\/td><td class=\"column-10\">5.60<\/td><td class=\"column-11\">0.2<\/td><td class=\"column-12\">-<\/td>\n<\/tr>\n<\/tbody>\n<\/table>\n<!-- #tablepress-19 from cache --><\/div><\/div><\/div><\/div><div class=\"fusion-clearfix\"><\/div><\/div><\/div><\/div><\/div><div class=\"fusion-fullwidth fullwidth-box fusion-builder-row-3 nonhundred-percent-fullwidth non-hundred-percent-height-scrolling\"  style='background-color: #ffffff;background-position: center bottom;background-repeat: repeat-x;padding-top:20px;padding-right:0px;padding-bottom:0px;padding-left:0px;margin-bottom: 20px;border-top-width:0px;border-bottom-width:0px;border-color:rgba(97,158,133,0);border-top-style:solid;border-bottom-style:solid;'><div class=\"fusion-builder-row fusion-row \"><div  class=\"fusion-layout-column fusion_builder_column fusion_builder_column_1_2 fusion-builder-column-8 fusion-one-half fusion-column-first fusion-column-no-min-height 1_2\"  style='margin-top:0px;margin-bottom:50px;width:48%; margin-right: 4%;'><div class=\"fusion-column-wrapper\" style=\"padding: 0px 0px 0px 0px;background-position:left top;background-repeat:no-repeat;-webkit-background-size:cover;-moz-background-size:cover;-o-background-size:cover;background-size:cover;\"   data-bg-url=\"\"><style type=\"text\/css\">@media only screen and (max-width:800px) {.fusion-title.fusion-title-7{margin-top:10px!important;margin-bottom:10px!important;}}<\/style><div class=\"fusion-title title fusion-title-7 sep-underline sep-solid fusion-title-text fusion-title-size-three\" style=\"border-bottom-color:#c4d02d;margin-top:0px;margin-bottom:0px;\"><h3 class=\"title-heading-left\" style=\"margin:0;\">MATERIALES 100% GARANTIZADOS<\/h3><\/div><div class=\"fusion-sep-clear\"><\/div><div class=\"fusion-separator fusion-full-width-sep sep-none\" style=\"margin-left: auto;margin-right: auto;margin-top:10px;\"><\/div><div class=\"fusion-text\"><p><b>AERORECYLING INTERNATIONAL <\/b>ofrece materiales completamente certificados, garantizando que han superado todas las pruebas de calidad y cumplen con las especificaciones que el cliente requiere.<\/p>\n<\/div><ul class=\"fusion-checklist fusion-checklist-1\" style=\"font-size:13px;line-height:22.1px;\"><li class=\"fusion-li-item\"><span style=\"background-color:#c4d02d;font-size:11.44px;height:22.1px;width:22.1px;margin-right:9.1px;\" class=\"icon-wrapper circle-yes\"><i class=\"fusion-li-icon fa fa-arrow-right\" style=\"color:#ffffff;\"><\/i><\/span><div class=\"fusion-li-item-content\" style=\"margin-left:31.2px;\">\n<p>HORNO DE FUSI\u00d3N PARA COMPROBACI\u00d3N DE CALIDADES<\/p>\n<\/div><\/li><li class=\"fusion-li-item\"><span style=\"background-color:#c4d02d;font-size:11.44px;height:22.1px;width:22.1px;margin-right:9.1px;\" class=\"icon-wrapper circle-yes\"><i class=\"fusion-li-icon fa fa-arrow-right\" style=\"color:#ffffff;\"><\/i><\/span><div class=\"fusion-li-item-content\" style=\"margin-left:31.2px;\">\n<p>CLASIFICACI\u00d3N Y REVISI\u00d3N CONTINUA CON ESPECTR\u00d3METRO<\/p>\n<\/div><\/li><\/ul><div class=\"fusion-clearfix\"><\/div><\/div><\/div><div  class=\"fusion-layout-column fusion_builder_column fusion_builder_column_1_2 fusion-builder-column-9 fusion-one-half fusion-column-last fusion-column-no-min-height 1_2\"  style='margin-top:0px;margin-bottom:50px;width:48%'><div class=\"fusion-column-wrapper\" style=\"padding: 0px 0px 0px 0px;background-position:left top;background-repeat:no-repeat;-webkit-background-size:cover;-moz-background-size:cover;-o-background-size:cover;background-size:cover;\"   data-bg-url=\"\"><div class=\"fusion-slider-sc fusion-flexslider-loading flexslider flexslider-hover-type-none\" data-slideshow_autoplay=\"1\" data-slideshow_smooth_height=\"0\" data-slideshow_speed=\"3000\" style=\"max-width:100%;height:100%;\"><ul class=\"slides\"><li class=\"image\"><span class=\"fusion-image-hover-element hover-type-none\"><img loading=\"lazy\" src=\"https:\/\/aerorecycling.com\/wp-content\/uploads\/2018\/04\/hornodefusion.jpg\" width=\"1000\" height=\"719\" \/><\/span><\/li><li class=\"image\"><span class=\"fusion-image-hover-element hover-type-none\"><img loading=\"lazy\" src=\"https:\/\/aerorecycling.com\/wp-content\/uploads\/2018\/04\/espectrometroclasificacion.jpg\" width=\"1000\" height=\"719\" \/><\/span><\/li><\/ul><\/div><div class=\"fusion-clearfix\"><\/div><\/div><\/div><\/div><\/div><\/p>\n","protected":false},"excerpt":{"rendered":"","protected":false},"author":2,"featured_media":0,"parent":419,"menu_order":44,"comment_status":"closed","ping_status":"closed","template":"","meta":[],"_links":{"self":[{"href":"https:\/\/aerorecycling.com\/es\/wp-json\/wp\/v2\/pages\/447"}],"collection":[{"href":"https:\/\/aerorecycling.com\/es\/wp-json\/wp\/v2\/pages"}],"about":[{"href":"https:\/\/aerorecycling.com\/es\/wp-json\/wp\/v2\/types\/page"}],"author":[{"embeddable":true,"href":"https:\/\/aerorecycling.com\/es\/wp-json\/wp\/v2\/users\/2"}],"replies":[{"embeddable":true,"href":"https:\/\/aerorecycling.com\/es\/wp-json\/wp\/v2\/comments?post=447"}],"version-history":[{"count":21,"href":"https:\/\/aerorecycling.com\/es\/wp-json\/wp\/v2\/pages\/447\/revisions"}],"predecessor-version":[{"id":1308,"href":"https:\/\/aerorecycling.com\/es\/wp-json\/wp\/v2\/pages\/447\/revisions\/1308"}],"up":[{"embeddable":true,"href":"https:\/\/aerorecycling.com\/es\/wp-json\/wp\/v2\/pages\/419"}],"wp:attachment":[{"href":"https:\/\/aerorecycling.com\/es\/wp-json\/wp\/v2\/media?parent=447"}],"curies":[{"name":"wp","href":"https:\/\/api.w.org\/{rel}","templated":true}]}}