{"id":451,"date":"2018-03-20T10:03:22","date_gmt":"2018-03-20T09:03:22","guid":{"rendered":"http:\/\/aerorecycling.com\/nueva\/?page_id=451"},"modified":"2019-05-24T08:37:27","modified_gmt":"2019-05-24T06:37:27","slug":"cuchillas-y-widias","status":"publish","type":"page","link":"https:\/\/aerorecycling.com\/es\/valorizacion-de-metales-especiales\/cuchillas-y-widias\/","title":{"rendered":"CUCHILLAS Y WIDIAS"},"content":{"rendered":"<p><div class=\"fusion-fullwidth fullwidth-box fusion-builder-row-1 nonhundred-percent-fullwidth non-hundred-percent-height-scrolling\"  style='background-color: #ffffff;background-position: center bottom;background-repeat: repeat-x;padding-top:20px;padding-right:0px;padding-bottom:0px;padding-left:0px;border-top-width:0px;border-bottom-width:0px;border-color:rgba(97,158,133,0);border-top-style:solid;border-bottom-style:solid;'><div class=\"fusion-builder-row fusion-row \"><div  class=\"fusion-layout-column fusion_builder_column fusion_builder_column_1_1 fusion-builder-column-0 fusion-one-full fusion-column-first fusion-column-last fusion-column-no-min-height 1_1\"  style='margin-top:0px;margin-bottom:0px;'><div class=\"fusion-column-wrapper\" style=\"padding: 0px 0px 0px 0px;background-position:left top;background-repeat:no-repeat;-webkit-background-size:cover;-moz-background-size:cover;-o-background-size:cover;background-size:cover;\"   data-bg-url=\"\"><style type=\"text\/css\">@media only screen and (max-width:800px) {.fusion-title.fusion-title-1{margin-top:10px!important;margin-bottom:10px!important;}}<\/style><div class=\"fusion-title title fusion-title-1 fusion-sep-none fusion-title-center fusion-title-text fusion-title-size-one\" style=\"margin-top:0px;margin-bottom:60px;\"><h1 class=\"title-heading-center\" style=\"margin:0;\"><h3 style=\"text-align: center;\"><img loading=\"lazy\" class=\"wp-image-474 alignnone\" src=\"https:\/\/aerorecycling.com\/wp-content\/uploads\/2018\/03\/icono_aerorecycling-300x204.png\" alt=\"\" width=\"100\" height=\"68\" srcset=\"https:\/\/aerorecycling.com\/wp-content\/uploads\/2018\/03\/icono_aerorecycling-200x136.png 200w, https:\/\/aerorecycling.com\/wp-content\/uploads\/2018\/03\/icono_aerorecycling-300x204.png 300w, https:\/\/aerorecycling.com\/wp-content\/uploads\/2018\/03\/icono_aerorecycling-400x272.png 400w, https:\/\/aerorecycling.com\/wp-content\/uploads\/2018\/03\/icono_aerorecycling-600x408.png 600w, https:\/\/aerorecycling.com\/wp-content\/uploads\/2018\/03\/icono_aerorecycling.png 754w\" sizes=\"(max-width: 100px) 100vw, 100px\" \/><\/h3>\n<h3 style=\"text-align: center;\">REVALORIZACI\u00d3N Y COMERCIALIZACI\u00d3N DE\u00a0<span style=\"color: #c4d02d;\"><span style=\"font-weight: 900;\">CUCHILLAS Y WIDIAS DE CARBURO DE TUGSTENO<\/span><\/span><\/h3><\/h1><\/div><div class=\"fusion-clearfix\"><\/div><\/div><\/div><\/div><\/div><div class=\"fusion-fullwidth fullwidth-box fusion-builder-row-2 nonhundred-percent-fullwidth non-hundred-percent-height-scrolling\"  style='background-color: #ffffff;background-position: center bottom;background-repeat: repeat-x;padding-top:0px;padding-right:0px;padding-bottom:0px;padding-left:0px;border-top-width:0px;border-bottom-width:0px;border-color:rgba(97,158,133,0);border-top-style:solid;border-bottom-style:solid;'><div class=\"fusion-builder-row fusion-row \"><div  class=\"fusion-layout-column fusion_builder_column fusion_builder_column_1_2 fusion-builder-column-1 fusion-one-half fusion-column-first fusion-column-no-min-height 1_2\"  style='margin-top:0px;margin-bottom:50px;width:48%; margin-right: 4%;'><div class=\"fusion-column-wrapper\" style=\"padding: 0px 0px 0px 0px;background-position:left top;background-repeat:no-repeat;-webkit-background-size:cover;-moz-background-size:cover;-o-background-size:cover;background-size:cover;\"   data-bg-url=\"\"><div class=\"fusion-slider-sc fusion-flexslider-loading flexslider flexslider-hover-type-none\" data-slideshow_autoplay=\"1\" data-slideshow_smooth_height=\"0\" data-slideshow_speed=\"3000\" style=\"max-width:100%;height:100%;\"><ul class=\"slides\"><li class=\"image\"><span class=\"fusion-image-hover-element hover-type-none\"><img loading=\"lazy\" src=\"https:\/\/aerorecycling.com\/wp-content\/uploads\/2018\/04\/cuchillaswidias1.jpg\" width=\"1000\" height=\"719\" \/><\/span><\/li><li class=\"image\"><span class=\"fusion-image-hover-element hover-type-none\"><img loading=\"lazy\" src=\"https:\/\/aerorecycling.com\/wp-content\/uploads\/2018\/04\/cuchillaswidias2.jpg\" width=\"1000\" height=\"719\" \/><\/span><\/li><li class=\"image\"><span class=\"fusion-image-hover-element hover-type-none\"><img loading=\"lazy\" src=\"https:\/\/aerorecycling.com\/wp-content\/uploads\/2018\/04\/cuchillaswidias3.jpg\" width=\"1000\" height=\"719\" \/><\/span><\/li><li class=\"image\"><span class=\"fusion-image-hover-element hover-type-none\"><img loading=\"lazy\" src=\"https:\/\/aerorecycling.com\/wp-content\/uploads\/2018\/04\/cuchillaswidias6.jpg\" width=\"1000\" height=\"719\" \/><\/span><\/li><li class=\"image\"><span class=\"fusion-image-hover-element hover-type-none\"><img loading=\"lazy\" src=\"https:\/\/aerorecycling.com\/wp-content\/uploads\/2018\/04\/cuchillaswidias7.jpg\" width=\"1000\" height=\"719\" \/><\/span><\/li><li class=\"image\"><span class=\"fusion-image-hover-element hover-type-none\"><img loading=\"lazy\" src=\"https:\/\/aerorecycling.com\/wp-content\/uploads\/2018\/04\/cuchillaswidias8.jpg\" width=\"1000\" height=\"719\" \/><\/span><\/li><li class=\"image\"><span class=\"fusion-image-hover-element hover-type-none\"><img loading=\"lazy\" src=\"https:\/\/aerorecycling.com\/wp-content\/uploads\/2018\/04\/cuchillaswidias9.jpg\" width=\"1000\" height=\"719\" \/><\/span><\/li><\/ul><\/div>\n<table id=\"tablepress-20\" class=\"tablepress tablepress-id-20\">\n<thead>\n<tr class=\"row-1 odd\">\n\t<th class=\"column-1\">Composici\u00f3n del material<\/th><th class=\"column-2\">Wc<\/th><th class=\"column-3\">Co<\/th><th class=\"column-4\">&nbsp;<\/th>\n<\/tr>\n<\/thead>\n<tbody class=\"row-hover\">\n<tr class=\"row-2 even\">\n\t<td class=\"column-1\">CUCHILLAS Y WIDIAS DE CARBURO DE TUNGSTENO<\/td><td class=\"column-2\">90<\/td><td class=\"column-3\">10<\/td><td class=\"column-4\"><\/td>\n<\/tr>\n<\/tbody>\n<\/table>\n<!-- #tablepress-20 from cache --><div class=\"fusion-clearfix\"><\/div><\/div><\/div><div  class=\"fusion-layout-column fusion_builder_column fusion_builder_column_1_2 fusion-builder-column-2 fusion-one-half fusion-column-last fusion-column-no-min-height 1_2\"  style='margin-top:0px;margin-bottom:50px;width:48%'><div class=\"fusion-column-wrapper\" style=\"padding: 0px 0px 0px 0px;background-position:left top;background-repeat:no-repeat;-webkit-background-size:cover;-moz-background-size:cover;-o-background-size:cover;background-size:cover;\"   data-bg-url=\"\"><div class=\"fusion-builder-row fusion-builder-row-inner fusion-row \"><div  class=\"fusion-layout-column fusion_builder_column fusion_builder_column_1_2 fusion-builder-nested-column-1 fusion-one-half fusion-column-first 1_2\"  style='margin-top: 0px;margin-bottom: 20px;width:50%;width:calc(50% - ( ( 4% ) * 0.5 ) );margin-right:4%;'>\n\t\t\t\t\t<div class=\"fusion-column-wrapper fusion-column-wrapper-1\" style=\"padding: 0px 0px 0px 0px;background-position:left top;background-repeat:no-repeat;-webkit-background-size:cover;-moz-background-size:cover;-o-background-size:cover;background-size:cover;\" data-bg-url=\"\">\n\t\t\t\t\t\t<span class=\"fusion-imageframe imageframe-none imageframe-1 hover-type-none\"><img loading=\"lazy\" src=\"https:\/\/aerorecycling.com\/wp-content\/uploads\/2018\/04\/cuchillaswidias4.jpg\" width=\"1000\" height=\"719\" alt=\"\" title=\"cuchillaswidias4\" class=\"img-responsive wp-image-996\" srcset=\"https:\/\/aerorecycling.com\/wp-content\/uploads\/2018\/04\/cuchillaswidias4-200x144.jpg 200w, https:\/\/aerorecycling.com\/wp-content\/uploads\/2018\/04\/cuchillaswidias4-400x288.jpg 400w, https:\/\/aerorecycling.com\/wp-content\/uploads\/2018\/04\/cuchillaswidias4-600x431.jpg 600w, https:\/\/aerorecycling.com\/wp-content\/uploads\/2018\/04\/cuchillaswidias4-800x575.jpg 800w, https:\/\/aerorecycling.com\/wp-content\/uploads\/2018\/04\/cuchillaswidias4.jpg 1000w\" sizes=\"(max-width: 800px) 100vw, 600px\" \/><\/span><div class=\"fusion-sep-clear\"><\/div><div class=\"fusion-separator fusion-full-width-sep sep-none\" style=\"margin-left: auto;margin-right: auto;margin-top:10px;\"><\/div><style type=\"text\/css\">@media only screen and (max-width:800px) {.fusion-title.fusion-title-2{margin-top:10px!important;margin-bottom:10px!important;}}<\/style><div class=\"fusion-title title fusion-title-2 fusion-sep-none fusion-title-text fusion-title-size-four\" style=\"margin-top:0px;margin-bottom:0px;\"><h4 class=\"title-heading-left\" style=\"margin:0;\"><p style=\"text-align: center;\"><strong>Revalorizaci\u00f3n<\/strong><\/p><\/h4><\/div><div class=\"fusion-sep-clear\"><\/div><div class=\"fusion-separator fusion-full-width-sep sep-single sep-solid\" style=\"border-color:#c4d02d;border-top-width:1px;margin-left: auto;margin-right: auto;margin-top:;\"><\/div><div class=\"fusion-text\"><p style=\"text-align: center;\">Si las widias y cuchillas no superan los controles de calidad, se inicia el proceso de revalorizaci\u00f3n para la producci\u00f3n de nuevas unidades.<\/p>\n<\/div>\n\n\t\t\t\t\t<\/div>\n\t\t\t\t<\/div><div  class=\"fusion-layout-column fusion_builder_column fusion_builder_column_1_2 fusion-builder-nested-column-2 fusion-one-half fusion-column-last 1_2\"  style='margin-top: 0px;margin-bottom: 20px;width:50%;width:calc(50% - ( ( 4% ) * 0.5 ) );'>\n\t\t\t\t\t<div class=\"fusion-column-wrapper fusion-column-wrapper-2\" style=\"padding: 0px 0px 0px 0px;background-position:left top;background-repeat:no-repeat;-webkit-background-size:cover;-moz-background-size:cover;-o-background-size:cover;background-size:cover;\" data-bg-url=\"\">\n\t\t\t\t\t\t<span class=\"fusion-imageframe imageframe-none imageframe-2 hover-type-none\"><img loading=\"lazy\" src=\"https:\/\/aerorecycling.com\/wp-content\/uploads\/2018\/04\/cuchillaswidias5.jpg\" width=\"1000\" height=\"719\" alt=\"\" title=\"cuchillaswidias5\" class=\"img-responsive wp-image-997\" srcset=\"https:\/\/aerorecycling.com\/wp-content\/uploads\/2018\/04\/cuchillaswidias5-200x144.jpg 200w, https:\/\/aerorecycling.com\/wp-content\/uploads\/2018\/04\/cuchillaswidias5-400x288.jpg 400w, https:\/\/aerorecycling.com\/wp-content\/uploads\/2018\/04\/cuchillaswidias5-600x431.jpg 600w, https:\/\/aerorecycling.com\/wp-content\/uploads\/2018\/04\/cuchillaswidias5-800x575.jpg 800w, https:\/\/aerorecycling.com\/wp-content\/uploads\/2018\/04\/cuchillaswidias5.jpg 1000w\" sizes=\"(max-width: 800px) 100vw, 600px\" \/><\/span><div class=\"fusion-sep-clear\"><\/div><div class=\"fusion-separator fusion-full-width-sep sep-none\" style=\"margin-left: auto;margin-right: auto;margin-top:10px;\"><\/div><style type=\"text\/css\">@media only screen and (max-width:800px) {.fusion-title.fusion-title-3{margin-top:10px!important;margin-bottom:10px!important;}}<\/style><div class=\"fusion-title title fusion-title-3 fusion-sep-none fusion-title-text fusion-title-size-four\" style=\"margin-top:0px;margin-bottom:0px;\"><h4 class=\"title-heading-left\" style=\"margin:0;\"><p style=\"text-align: center;\"><strong>Recogida y selecci\u00f3n<\/strong><\/p><\/h4><\/div><div class=\"fusion-sep-clear\"><\/div><div class=\"fusion-separator fusion-full-width-sep sep-single sep-solid\" style=\"border-color:#c4d02d;border-top-width:1px;margin-left: auto;margin-right: auto;margin-top:;\"><\/div><div class=\"fusion-text\"><p style=\"text-align: center;\">Realizamos la recogida de las cuchillas de carburo de tugsteno y widias de todo tipo de industrias. Realizamos un an\u00e1lisis exhaustivo de cada elemento y, en funci\u00f3n del desgaste y estado, se selecciona para su revalorizaci\u00f3n.<\/p>\n<\/div>\n\n\t\t\t\t\t<\/div>\n\t\t\t\t<\/div><\/div><div class=\"fusion-sep-clear\"><\/div><div class=\"fusion-separator fusion-full-width-sep sep-none\" style=\"margin-left: auto;margin-right: auto;margin-top:10px;\"><\/div><div class=\"fusion-clearfix\"><\/div><\/div><\/div><\/div><\/div><div class=\"fusion-fullwidth fullwidth-box fusion-builder-row-3 nonhundred-percent-fullwidth non-hundred-percent-height-scrolling\"  style='background-color: #ffffff;background-position: center bottom;background-repeat: repeat-x;padding-top:0px;padding-right:0px;padding-bottom:0px;padding-left:0px;margin-bottom: 20px;border-top-width:0px;border-bottom-width:0px;border-color:rgba(97,158,133,0);border-top-style:solid;border-bottom-style:solid;'><div class=\"fusion-builder-row fusion-row \"><div  class=\"fusion-layout-column fusion_builder_column fusion_builder_column_1_1 fusion-builder-column-3 fusion-one-full fusion-column-first fusion-column-last fusion-column-no-min-height 1_1\"  style='margin-top:0px;margin-bottom:50px;'><div class=\"fusion-column-wrapper\" style=\"padding: 0px 0px 0px 0px;background-position:left top;background-repeat:no-repeat;-webkit-background-size:cover;-moz-background-size:cover;-o-background-size:cover;background-size:cover;\"   data-bg-url=\"\"><div class=\"fusion-sep-clear\"><\/div><div class=\"fusion-separator fusion-full-width-sep sep-single sep-solid\" style=\"border-color:#e0e0e0;border-top-width:1px;margin-left: auto;margin-right: auto;margin-top:10px;\"><\/div><div class=\"fusion-clearfix\"><\/div><\/div><\/div><div  class=\"fusion-layout-column fusion_builder_column fusion_builder_column_1_2 fusion-builder-column-4 fusion-one-half fusion-column-first fusion-column-no-min-height 1_2\"  style='margin-top:0px;margin-bottom:50px;width:48%; margin-right: 4%;'><div class=\"fusion-column-wrapper\" style=\"padding: 0px 0px 0px 0px;background-position:left top;background-repeat:no-repeat;-webkit-background-size:cover;-moz-background-size:cover;-o-background-size:cover;background-size:cover;\"   data-bg-url=\"\"><style type=\"text\/css\">@media only screen and (max-width:800px) {.fusion-title.fusion-title-4{margin-top:10px!important;margin-bottom:10px!important;}}<\/style><div class=\"fusion-title title fusion-title-4 sep-underline sep-solid fusion-title-text fusion-title-size-three\" style=\"border-bottom-color:#c4d02d;margin-top:0px;margin-bottom:0px;\"><h3 class=\"title-heading-left\" style=\"margin:0;\">MATERIALES 100% GARANTIZADOS<\/h3><\/div><div class=\"fusion-sep-clear\"><\/div><div class=\"fusion-separator fusion-full-width-sep sep-none\" style=\"margin-left: auto;margin-right: auto;margin-top:10px;\"><\/div><div class=\"fusion-text\"><p><b>AERORECYLING INTERNATIONAL <\/b>ofrece materiales completamente certificados, garantizando que han superado todas las pruebas de calidad y cumplen con las especificaciones que el cliente requiere.<\/p>\n<\/div><ul class=\"fusion-checklist fusion-checklist-1\" style=\"font-size:13px;line-height:22.1px;\"><li class=\"fusion-li-item\"><span style=\"background-color:#c4d02d;font-size:11.44px;height:22.1px;width:22.1px;margin-right:9.1px;\" class=\"icon-wrapper circle-yes\"><i class=\"fusion-li-icon fa fa-arrow-right\" style=\"color:#ffffff;\"><\/i><\/span><div class=\"fusion-li-item-content\" style=\"margin-left:31.2px;\">\n<p>HORNO DE FUSI\u00d3N PARA COMPROBACI\u00d3N DE CALIDADES<\/p>\n<\/div><\/li><li class=\"fusion-li-item\"><span style=\"background-color:#c4d02d;font-size:11.44px;height:22.1px;width:22.1px;margin-right:9.1px;\" class=\"icon-wrapper circle-yes\"><i class=\"fusion-li-icon fa fa-arrow-right\" style=\"color:#ffffff;\"><\/i><\/span><div class=\"fusion-li-item-content\" style=\"margin-left:31.2px;\">\n<p>CLASIFICACI\u00d3N Y REVISI\u00d3N CONTINUA CON ESPECTR\u00d3METRO<\/p>\n<\/div><\/li><\/ul><div class=\"fusion-clearfix\"><\/div><\/div><\/div><div  class=\"fusion-layout-column fusion_builder_column fusion_builder_column_1_2 fusion-builder-column-5 fusion-one-half fusion-column-last fusion-column-no-min-height 1_2\"  style='margin-top:0px;margin-bottom:50px;width:48%'><div class=\"fusion-column-wrapper\" style=\"padding: 0px 0px 0px 0px;background-position:left top;background-repeat:no-repeat;-webkit-background-size:cover;-moz-background-size:cover;-o-background-size:cover;background-size:cover;\"   data-bg-url=\"\"><div class=\"fusion-slider-sc fusion-flexslider-loading flexslider flexslider-hover-type-none\" data-slideshow_autoplay=\"1\" data-slideshow_smooth_height=\"0\" data-slideshow_speed=\"3000\" style=\"max-width:100%;height:100%;\"><ul class=\"slides\"><li class=\"image\"><span class=\"fusion-image-hover-element hover-type-none\"><img loading=\"lazy\" src=\"https:\/\/aerorecycling.com\/wp-content\/uploads\/2018\/04\/hornodefusion.jpg\" width=\"1000\" height=\"719\" \/><\/span><\/li><li class=\"image\"><span class=\"fusion-image-hover-element hover-type-none\"><img loading=\"lazy\" src=\"https:\/\/aerorecycling.com\/wp-content\/uploads\/2018\/04\/espectrometroclasificacion.jpg\" width=\"1000\" height=\"719\" \/><\/span><\/li><\/ul><\/div><div class=\"fusion-clearfix\"><\/div><\/div><\/div><\/div><\/div><\/p>\n","protected":false},"excerpt":{"rendered":"","protected":false},"author":2,"featured_media":0,"parent":419,"menu_order":45,"comment_status":"closed","ping_status":"closed","template":"","meta":[],"_links":{"self":[{"href":"https:\/\/aerorecycling.com\/es\/wp-json\/wp\/v2\/pages\/451"}],"collection":[{"href":"https:\/\/aerorecycling.com\/es\/wp-json\/wp\/v2\/pages"}],"about":[{"href":"https:\/\/aerorecycling.com\/es\/wp-json\/wp\/v2\/types\/page"}],"author":[{"embeddable":true,"href":"https:\/\/aerorecycling.com\/es\/wp-json\/wp\/v2\/users\/2"}],"replies":[{"embeddable":true,"href":"https:\/\/aerorecycling.com\/es\/wp-json\/wp\/v2\/comments?post=451"}],"version-history":[{"count":39,"href":"https:\/\/aerorecycling.com\/es\/wp-json\/wp\/v2\/pages\/451\/revisions"}],"predecessor-version":[{"id":1934,"href":"https:\/\/aerorecycling.com\/es\/wp-json\/wp\/v2\/pages\/451\/revisions\/1934"}],"up":[{"embeddable":true,"href":"https:\/\/aerorecycling.com\/es\/wp-json\/wp\/v2\/pages\/419"}],"wp:attachment":[{"href":"https:\/\/aerorecycling.com\/es\/wp-json\/wp\/v2\/media?parent=451"}],"curies":[{"name":"wp","href":"https:\/\/api.w.org\/{rel}","templated":true}]}}